{"id":805,"date":"2019-05-04T13:36:23","date_gmt":"2019-05-04T11:36:23","guid":{"rendered":"https:\/\/groupe-vocal-crescendo.fr\/?page_id=805"},"modified":"2024-10-22T16:12:26","modified_gmt":"2024-10-22T14:12:26","slug":"la-presse-et-nous","status":"publish","type":"page","link":"https:\/\/groupe-vocal-crescendo.fr\/?page_id=805","title":{"rendered":"La presse et nous"},"content":{"rendered":"\n<h2 class=\"wp-block-heading\">Pr\u00e9paratifs pour le concert d&#8217;automne du 20 octobre<\/h2>\n\n\n\n<blockquote class=\"wp-block-quote\">\n<p><\/p>\n<cite>Article R.L. du 18 octobre 2024<\/cite><\/blockquote>\n\n\n\n<figure class=\"wp-block-image size-large\"><img loading=\"lazy\" decoding=\"async\" width=\"1024\" height=\"944\" src=\"https:\/\/groupe-vocal-crescendo.fr\/wp-content\/uploads\/2024\/10\/ArticleConcertOctobre-1024x944.jpg\" alt=\"Pr\u00e9paratifs du concert d'automne du groupe vocal Crescendo\" class=\"wp-image-1117\" srcset=\"https:\/\/groupe-vocal-crescendo.fr\/wp-content\/uploads\/2024\/10\/ArticleConcertOctobre-1024x944.jpg 1024w, https:\/\/groupe-vocal-crescendo.fr\/wp-content\/uploads\/2024\/10\/ArticleConcertOctobre-300x277.jpg 300w, https:\/\/groupe-vocal-crescendo.fr\/wp-content\/uploads\/2024\/10\/ArticleConcertOctobre-768x708.jpg 768w, https:\/\/groupe-vocal-crescendo.fr\/wp-content\/uploads\/2024\/10\/ArticleConcertOctobre-1536x1416.jpg 1536w, https:\/\/groupe-vocal-crescendo.fr\/wp-content\/uploads\/2024\/10\/ArticleConcertOctobre-2048x1888.jpg 2048w\" sizes=\"(max-width: 1024px) 100vw, 1024px\" \/><figcaption class=\"wp-element-caption\">Le Groupe Vocal se pr\u00e9pare \u00e0 Flastroff pour le concert d&#8217;automne<\/figcaption><\/figure>\n\n\n\n<h2 class=\"wp-block-heading\">Assembl\u00e9e g\u00e9n\u00e9rale Crescendo 2024<\/h2>\n\n\n\n<p class=\"has-small-font-size\">Article R.L. 11\/04\/2024<\/p>\n\n\n\n<figure class=\"wp-block-image size-large\"><img loading=\"lazy\" decoding=\"async\" width=\"1024\" height=\"942\" src=\"https:\/\/groupe-vocal-crescendo.fr\/wp-content\/uploads\/2024\/04\/AG-CRESCENDO-2024-1024x942.jpg\" alt=\"\" class=\"wp-image-1109\" srcset=\"https:\/\/groupe-vocal-crescendo.fr\/wp-content\/uploads\/2024\/04\/AG-CRESCENDO-2024-1024x942.jpg 1024w, https:\/\/groupe-vocal-crescendo.fr\/wp-content\/uploads\/2024\/04\/AG-CRESCENDO-2024-300x276.jpg 300w, https:\/\/groupe-vocal-crescendo.fr\/wp-content\/uploads\/2024\/04\/AG-CRESCENDO-2024-768x706.jpg 768w, https:\/\/groupe-vocal-crescendo.fr\/wp-content\/uploads\/2024\/04\/AG-CRESCENDO-2024-1536x1413.jpg 1536w, https:\/\/groupe-vocal-crescendo.fr\/wp-content\/uploads\/2024\/04\/AG-CRESCENDO-2024-2048x1884.jpg 2048w\" sizes=\"(max-width: 1024px) 100vw, 1024px\" \/><\/figure>\n\n\n\n<h2 class=\"wp-block-heading\">Once upon a time Crescendo&#8230;<\/h2>\n\n\n\n<figure class=\"wp-block-image\"><img loading=\"lazy\" decoding=\"async\" width=\"912\" height=\"1024\" src=\"https:\/\/groupe-vocal-crescendo.fr\/wp-content\/uploads\/2019\/05\/Article-RL-Crescendo_Amatys-03052019_light-1-912x1024.jpg\" alt=\"\" class=\"wp-image-833\" srcset=\"https:\/\/groupe-vocal-crescendo.fr\/wp-content\/uploads\/2019\/05\/Article-RL-Crescendo_Amatys-03052019_light-1-912x1024.jpg 912w, https:\/\/groupe-vocal-crescendo.fr\/wp-content\/uploads\/2019\/05\/Article-RL-Crescendo_Amatys-03052019_light-1-267x300.jpg 267w, https:\/\/groupe-vocal-crescendo.fr\/wp-content\/uploads\/2019\/05\/Article-RL-Crescendo_Amatys-03052019_light-1-768x862.jpg 768w, https:\/\/groupe-vocal-crescendo.fr\/wp-content\/uploads\/2019\/05\/Article-RL-Crescendo_Amatys-03052019_light-1.jpg 1885w\" sizes=\"(max-width: 912px) 100vw, 912px\" \/><figcaption class=\"wp-element-caption\">Article RL 03 mai 2019<\/figcaption><\/figure>\n\n\n\n<figure class=\"wp-block-image\"><img loading=\"lazy\" decoding=\"async\" width=\"1024\" height=\"661\" src=\"https:\/\/groupe-vocal-crescendo.fr\/wp-content\/uploads\/2019\/05\/Publication-RL-Nouveau-Comit\u00e9-Crescendo-2019-light-1-1024x661.jpg\" alt=\"\" class=\"wp-image-830\" srcset=\"https:\/\/groupe-vocal-crescendo.fr\/wp-content\/uploads\/2019\/05\/Publication-RL-Nouveau-Comit\u00e9-Crescendo-2019-light-1-1024x661.jpg 1024w, https:\/\/groupe-vocal-crescendo.fr\/wp-content\/uploads\/2019\/05\/Publication-RL-Nouveau-Comit\u00e9-Crescendo-2019-light-1-300x194.jpg 300w, https:\/\/groupe-vocal-crescendo.fr\/wp-content\/uploads\/2019\/05\/Publication-RL-Nouveau-Comit\u00e9-Crescendo-2019-light-1-768x496.jpg 768w\" sizes=\"(max-width: 1024px) 100vw, 1024px\" \/><figcaption class=\"wp-element-caption\">Nouveau comit\u00e9 Crescendo 2019<br><\/figcaption><\/figure>\n\n\n\n<figure class=\"wp-block-image\"><img loading=\"lazy\" decoding=\"async\" width=\"1024\" height=\"745\" src=\"https:\/\/groupe-vocal-crescendo.fr\/wp-content\/uploads\/2019\/05\/article-rl-au-fil-de-leau1-1024x745.jpg\" alt=\"\" class=\"wp-image-825\" srcset=\"https:\/\/groupe-vocal-crescendo.fr\/wp-content\/uploads\/2019\/05\/article-rl-au-fil-de-leau1-1024x745.jpg 1024w, https:\/\/groupe-vocal-crescendo.fr\/wp-content\/uploads\/2019\/05\/article-rl-au-fil-de-leau1-300x218.jpg 300w, https:\/\/groupe-vocal-crescendo.fr\/wp-content\/uploads\/2019\/05\/article-rl-au-fil-de-leau1-768x558.jpg 768w\" sizes=\"(max-width: 1024px) 100vw, 1024px\" \/><\/figure>\n\n\n\n<figure class=\"wp-block-image\"><img loading=\"lazy\" decoding=\"async\" width=\"942\" height=\"492\" src=\"https:\/\/groupe-vocal-crescendo.fr\/wp-content\/uploads\/2019\/05\/Crescendo-au-fil-de-l-eau-publication-10-Avril-2016.jpg\" alt=\"\" class=\"wp-image-827\" srcset=\"https:\/\/groupe-vocal-crescendo.fr\/wp-content\/uploads\/2019\/05\/Crescendo-au-fil-de-l-eau-publication-10-Avril-2016.jpg 942w, https:\/\/groupe-vocal-crescendo.fr\/wp-content\/uploads\/2019\/05\/Crescendo-au-fil-de-l-eau-publication-10-Avril-2016-300x157.jpg 300w, https:\/\/groupe-vocal-crescendo.fr\/wp-content\/uploads\/2019\/05\/Crescendo-au-fil-de-l-eau-publication-10-Avril-2016-768x401.jpg 768w\" sizes=\"(max-width: 942px) 100vw, 942px\" \/><\/figure>\n\n\n\n<figure class=\"wp-block-image\"><img loading=\"lazy\" decoding=\"async\" width=\"1024\" height=\"768\" src=\"https:\/\/groupe-vocal-crescendo.fr\/wp-content\/uploads\/2019\/05\/Alain-chef-au-grand-choeur-publication-23-Octobre-2015-light-1024x768.jpg\" alt=\"\" class=\"wp-image-823\" srcset=\"https:\/\/groupe-vocal-crescendo.fr\/wp-content\/uploads\/2019\/05\/Alain-chef-au-grand-choeur-publication-23-Octobre-2015-light-1024x768.jpg 1024w, https:\/\/groupe-vocal-crescendo.fr\/wp-content\/uploads\/2019\/05\/Alain-chef-au-grand-choeur-publication-23-Octobre-2015-light-300x225.jpg 300w, https:\/\/groupe-vocal-crescendo.fr\/wp-content\/uploads\/2019\/05\/Alain-chef-au-grand-choeur-publication-23-Octobre-2015-light-768x576.jpg 768w\" sizes=\"(max-width: 1024px) 100vw, 1024px\" \/><\/figure>\n\n\n\n<figure class=\"wp-block-image\"><img loading=\"lazy\" decoding=\"async\" width=\"1024\" height=\"899\" src=\"https:\/\/groupe-vocal-crescendo.fr\/wp-content\/uploads\/2019\/05\/numecc81riser-3-light-1024x899.jpg\" alt=\"\" class=\"wp-image-821\" srcset=\"https:\/\/groupe-vocal-crescendo.fr\/wp-content\/uploads\/2019\/05\/numecc81riser-3-light-1024x899.jpg 1024w, https:\/\/groupe-vocal-crescendo.fr\/wp-content\/uploads\/2019\/05\/numecc81riser-3-light-300x263.jpg 300w, https:\/\/groupe-vocal-crescendo.fr\/wp-content\/uploads\/2019\/05\/numecc81riser-3-light-768x674.jpg 768w\" sizes=\"(max-width: 1024px) 100vw, 1024px\" \/><\/figure>\n\n\n\n<figure class=\"wp-block-image\"><img loading=\"lazy\" decoding=\"async\" width=\"1024\" height=\"894\" src=\"https:\/\/groupe-vocal-crescendo.fr\/wp-content\/uploads\/2019\/05\/Crescendo-Spectacle-silence-moteur-on-tourne-RL-17-juin-2014-light-1024x894.jpg\" alt=\"\" class=\"wp-image-813\" srcset=\"https:\/\/groupe-vocal-crescendo.fr\/wp-content\/uploads\/2019\/05\/Crescendo-Spectacle-silence-moteur-on-tourne-RL-17-juin-2014-light-1024x894.jpg 1024w, https:\/\/groupe-vocal-crescendo.fr\/wp-content\/uploads\/2019\/05\/Crescendo-Spectacle-silence-moteur-on-tourne-RL-17-juin-2014-light-300x262.jpg 300w, https:\/\/groupe-vocal-crescendo.fr\/wp-content\/uploads\/2019\/05\/Crescendo-Spectacle-silence-moteur-on-tourne-RL-17-juin-2014-light-768x671.jpg 768w\" sizes=\"(max-width: 1024px) 100vw, 1024px\" \/><\/figure>\n\n\n\n<figure class=\"wp-block-image\"><img loading=\"lazy\" decoding=\"async\" width=\"724\" height=\"1024\" src=\"https:\/\/groupe-vocal-crescendo.fr\/wp-content\/uploads\/2019\/05\/Crescendo-fan-des-ann\u00e9es-80-Article-23-mai-2014-light-724x1024.jpg\" alt=\"\" class=\"wp-image-811\" srcset=\"https:\/\/groupe-vocal-crescendo.fr\/wp-content\/uploads\/2019\/05\/Crescendo-fan-des-ann\u00e9es-80-Article-23-mai-2014-light-724x1024.jpg 724w, https:\/\/groupe-vocal-crescendo.fr\/wp-content\/uploads\/2019\/05\/Crescendo-fan-des-ann\u00e9es-80-Article-23-mai-2014-light-212x300.jpg 212w, https:\/\/groupe-vocal-crescendo.fr\/wp-content\/uploads\/2019\/05\/Crescendo-fan-des-ann\u00e9es-80-Article-23-mai-2014-light-768x1086.jpg 768w\" sizes=\"(max-width: 724px) 100vw, 724px\" \/><\/figure>\n\n\n\n<figure class=\"wp-block-image\"><img loading=\"lazy\" decoding=\"async\" width=\"1024\" height=\"471\" src=\"https:\/\/groupe-vocal-crescendo.fr\/wp-content\/uploads\/2019\/05\/Crescendo-Article-CD-du-spectacle-13-Juin-2014-light-1024x471.jpg\" alt=\"\" class=\"wp-image-809\" srcset=\"https:\/\/groupe-vocal-crescendo.fr\/wp-content\/uploads\/2019\/05\/Crescendo-Article-CD-du-spectacle-13-Juin-2014-light-1024x471.jpg 1024w, https:\/\/groupe-vocal-crescendo.fr\/wp-content\/uploads\/2019\/05\/Crescendo-Article-CD-du-spectacle-13-Juin-2014-light-300x138.jpg 300w, https:\/\/groupe-vocal-crescendo.fr\/wp-content\/uploads\/2019\/05\/Crescendo-Article-CD-du-spectacle-13-Juin-2014-light-768x353.jpg 768w\" sizes=\"(max-width: 1024px) 100vw, 1024px\" \/><\/figure>\n\n\n\n<figure class=\"wp-block-image\"><img loading=\"lazy\" decoding=\"async\" width=\"1003\" height=\"736\" src=\"https:\/\/groupe-vocal-crescendo.fr\/wp-content\/uploads\/2019\/05\/grain_de_sel_avec_crescendo.jpg\" alt=\"\" class=\"wp-image-817\" srcset=\"https:\/\/groupe-vocal-crescendo.fr\/wp-content\/uploads\/2019\/05\/grain_de_sel_avec_crescendo.jpg 1003w, https:\/\/groupe-vocal-crescendo.fr\/wp-content\/uploads\/2019\/05\/grain_de_sel_avec_crescendo-300x220.jpg 300w, https:\/\/groupe-vocal-crescendo.fr\/wp-content\/uploads\/2019\/05\/grain_de_sel_avec_crescendo-768x564.jpg 768w\" sizes=\"(max-width: 1003px) 100vw, 1003px\" \/><\/figure>\n\n\n\n<p><\/p>\n\n\n\n<h2 class=\"wp-block-heading\"><\/h2>\n","protected":false},"excerpt":{"rendered":"<p>Pr\u00e9paratifs pour le concert d&#8217;automne du 20 octobre Article R.L. du 18 octobre 2024 Assembl\u00e9e g\u00e9n\u00e9rale Crescendo 2024 Article R.L. 11\/04\/2024 Once upon a time Crescendo&#8230;<\/p>\n","protected":false},"author":1,"featured_media":0,"parent":0,"menu_order":4,"comment_status":"closed","ping_status":"closed","template":"","meta":{"ngg_post_thumbnail":0,"footnotes":""},"_links":{"self":[{"href":"https:\/\/groupe-vocal-crescendo.fr\/index.php?rest_route=\/wp\/v2\/pages\/805"}],"collection":[{"href":"https:\/\/groupe-vocal-crescendo.fr\/index.php?rest_route=\/wp\/v2\/pages"}],"about":[{"href":"https:\/\/groupe-vocal-crescendo.fr\/index.php?rest_route=\/wp\/v2\/types\/page"}],"author":[{"embeddable":true,"href":"https:\/\/groupe-vocal-crescendo.fr\/index.php?rest_route=\/wp\/v2\/users\/1"}],"replies":[{"embeddable":true,"href":"https:\/\/groupe-vocal-crescendo.fr\/index.php?rest_route=%2Fwp%2Fv2%2Fcomments&post=805"}],"version-history":[{"count":18,"href":"https:\/\/groupe-vocal-crescendo.fr\/index.php?rest_route=\/wp\/v2\/pages\/805\/revisions"}],"predecessor-version":[{"id":1120,"href":"https:\/\/groupe-vocal-crescendo.fr\/index.php?rest_route=\/wp\/v2\/pages\/805\/revisions\/1120"}],"wp:attachment":[{"href":"https:\/\/groupe-vocal-crescendo.fr\/index.php?rest_route=%2Fwp%2Fv2%2Fmedia&parent=805"}],"curies":[{"name":"wp","href":"https:\/\/api.w.org\/{rel}","templated":true}]}}