{"id":764,"date":"2018-11-04T15:13:58","date_gmt":"2018-11-04T14:13:58","guid":{"rendered":"https:\/\/groupe-vocal-crescendo.fr\/?page_id=764"},"modified":"2019-09-20T19:12:55","modified_gmt":"2019-09-20T17:12:55","slug":"partitions-2018-2020","status":"publish","type":"page","link":"https:\/\/groupe-vocal-crescendo.fr\/?page_id=764","title":{"rendered":"Partitions pour 2018-2020"},"content":{"rendered":"<p>&nbsp;<\/p>\n<ul>\n<li><a href=\"https:\/\/my.pcloud.com\/publink\/show?code=XZKU1M7ZvCvaAgf1T6jMXTXFUcKuyuqoVIeV\">Qui a le droit<\/a><\/li>\n<li><a href=\"https:\/\/my.pcloud.com\/publink\/show?code=XZmI1M7ZWrFX0P8uCqBiGhGU77Xk287gygjk\">Bon Baisers<\/a><\/li>\n<li><a href=\"https:\/\/my.pcloud.com\/publink\/show?code=XZtMdHkZ9OIw3NaUGxfx3sHlNintyzvD27KV\">Mambo<\/a><\/li>\n<li><a href=\"https:\/\/my.pcloud.com\/publink\/show?code=XZ7TdHkZbneY1n3wXTmODzkodqzNjyuJGiTX\">Marche su\u00e9doise<\/a><\/li>\n<li>\u00c7a sert \u00e0 quoi :\n<ul>\n<li><a href=\"https:\/\/my.pcloud.com\/publink\/show?code=XZHTdHkZwLrx0Ti695FWv0ibcr6BOBEvqQi7\">Partie 1<\/a><\/li>\n<li><a href=\"https:\/\/my.pcloud.com\/publink\/show?code=XZBTdHkZN0IdoLVPnDQOtMNL0lRJ0ywgjnSy\">Partie 2<\/a><\/li>\n<\/ul>\n<\/li>\n<\/ul>\n<p>&nbsp;<\/p>\n","protected":false},"excerpt":{"rendered":"<p>&nbsp; Qui a le droit Bon Baisers Mambo Marche su\u00e9doise \u00c7a sert \u00e0 quoi : Partie 1 Partie 2 &nbsp;<\/p>\n","protected":false},"author":1,"featured_media":0,"parent":0,"menu_order":52,"comment_status":"closed","ping_status":"closed","template":"","meta":{"ngg_post_thumbnail":0,"footnotes":""},"_links":{"self":[{"href":"https:\/\/groupe-vocal-crescendo.fr\/index.php?rest_route=\/wp\/v2\/pages\/764"}],"collection":[{"href":"https:\/\/groupe-vocal-crescendo.fr\/index.php?rest_route=\/wp\/v2\/pages"}],"about":[{"href":"https:\/\/groupe-vocal-crescendo.fr\/index.php?rest_route=\/wp\/v2\/types\/page"}],"author":[{"embeddable":true,"href":"https:\/\/groupe-vocal-crescendo.fr\/index.php?rest_route=\/wp\/v2\/users\/1"}],"replies":[{"embeddable":true,"href":"https:\/\/groupe-vocal-crescendo.fr\/index.php?rest_route=%2Fwp%2Fv2%2Fcomments&post=764"}],"version-history":[{"count":8,"href":"https:\/\/groupe-vocal-crescendo.fr\/index.php?rest_route=\/wp\/v2\/pages\/764\/revisions"}],"predecessor-version":[{"id":859,"href":"https:\/\/groupe-vocal-crescendo.fr\/index.php?rest_route=\/wp\/v2\/pages\/764\/revisions\/859"}],"wp:attachment":[{"href":"https:\/\/groupe-vocal-crescendo.fr\/index.php?rest_route=%2Fwp%2Fv2%2Fmedia&parent=764"}],"curies":[{"name":"wp","href":"https:\/\/api.w.org\/{rel}","templated":true}]}}