{"id":378,"date":"2015-05-18T20:24:34","date_gmt":"2015-05-18T18:24:34","guid":{"rendered":"http:\/\/groupevocalcrescendo.wordpress.com\/?page_id=1"},"modified":"2024-02-07T15:58:03","modified_gmt":"2024-02-07T14:58:03","slug":"accueil","status":"publish","type":"page","link":"https:\/\/groupe-vocal-crescendo.fr\/","title":{"rendered":"Accueil"},"content":{"rendered":"\n<p><\/p>\n\n\n<p style=\"text-align: center;\">&nbsp;<\/p>\n<p><img loading=\"lazy\" decoding=\"async\" class=\"wp-image-918 aligncenter\" src=\"https:\/\/groupe-vocal-crescendo.fr\/wp-content\/uploads\/2020\/03\/60259306_2229866567274656_429633807776219136_o-300x178.jpg\" alt=\"\" width=\"531\" height=\"315\" srcset=\"https:\/\/groupe-vocal-crescendo.fr\/wp-content\/uploads\/2020\/03\/60259306_2229866567274656_429633807776219136_o-300x178.jpg 300w, https:\/\/groupe-vocal-crescendo.fr\/wp-content\/uploads\/2020\/03\/60259306_2229866567274656_429633807776219136_o-1024x608.jpg 1024w, https:\/\/groupe-vocal-crescendo.fr\/wp-content\/uploads\/2020\/03\/60259306_2229866567274656_429633807776219136_o-768x456.jpg 768w, https:\/\/groupe-vocal-crescendo.fr\/wp-content\/uploads\/2020\/03\/60259306_2229866567274656_429633807776219136_o-1536x912.jpg 1536w, https:\/\/groupe-vocal-crescendo.fr\/wp-content\/uploads\/2020\/03\/60259306_2229866567274656_429633807776219136_o.jpg 2048w\" sizes=\"(max-width: 531px) 100vw, 531px\" \/><\/p>\n<p style=\"text-align: center;\"><strong><em>Crescendo recrute!<br><\/em><\/strong><\/p>\n<p style=\"text-align: left;\">Crescendo recrute des hommes, des femmes et encore des hommes! Alors amis amateurs de chant choral (ou sous la douche), n&#8217;h\u00e9sitez plus et rejoignez nous \ud83d\ude09<\/p>\n<p>__________________________________________________________<\/p>\n<p><strong><i>&#8230;Vous n&#8217;avez pas pu assister au dernier spectacle haut en couleurs<\/i><\/strong><b><i>&nbsp;&#8230;<br><\/i><\/b><\/p>\n<p>le nouveau arrive cette ann\u00e9e&#8230; En attendant, tous les choristes y travaillent avec notre chef \ud83d\ude42<\/p>\n<p><img loading=\"lazy\" decoding=\"async\" class=\"size-full wp-image-892 aligncenter\" src=\"https:\/\/groupe-vocal-crescendo.fr\/wp-content\/uploads\/2020\/01\/f61bef5ca28165a5871eaf9e9610bdbf.jpg\" alt=\"\" width=\"236\" height=\"143\"><\/p>\n<p><em><strong>&#8230;vous pouvez \u00e9galement venir nous d\u00e9couvrir lors d&#8217;un prochain spectacle&#8230;<\/strong><\/em><\/p>\n<p>________________________________________________________________<\/p>\n<p style=\"text-align: center;\"><strong><em>Quelques photos des spectacles pass\u00e9s&#8230;<br><\/em><\/strong><\/p>\n\n\n<div class=\"ngg-galleryoverview ngg-slideshow\"\n\t id=\"ngg-slideshow-8ffd2f55a5ef90d5836d351b06dd064a-3385073920\"\n     data-gallery-id=\"8ffd2f55a5ef90d5836d351b06dd064a\"\n     style=\"max-width: 600px; max-height: 400px;\">\n\n \t<div id=\"ngg-image-0\" class=\"ngg-gallery-slideshow-image\" style=\"height:400px\">\n\n        <a href=\"https:\/\/groupe-vocal-crescendo.fr\/wp-content\/gallery\/fandesannees80\/14062014-_dsc7926-e1432565866523.jpg\"\n           title=\"\"\n           data-src=\"https:\/\/groupe-vocal-crescendo.fr\/wp-content\/gallery\/fandesannees80\/14062014-_dsc7926-e1432565866523.jpg\"\n           data-thumbnail=\"https:\/\/groupe-vocal-crescendo.fr\/wp-content\/gallery\/fandesannees80\/thumbs\/thumbs_14062014-_dsc7926-e1432565866523.jpg\"\n           data-image-id=\"81\"\n           data-title=\"14062014-_dsc7926-e1432565866523\"\n           data-description=\"\"\n           class=\"ngg-fancybox\" rel=\"8ffd2f55a5ef90d5836d351b06dd064a\">\n\n            <img data-image-id='81'\n                 title=\"\"\n                 alt=\"14062014-_dsc7926-e1432565866523\"\n                 src=\"https:\/\/groupe-vocal-crescendo.fr\/wp-content\/gallery\/fandesannees80\/14062014-_dsc7926-e1432565866523.jpg\"\n                 style=\"max-height: 380px;\"\/>\n        <\/a>\n\n        <\/div> \n<div id=\"ngg-image-1\" class=\"ngg-gallery-slideshow-image\" style=\"height:400px\">\n\n        <a href=\"https:\/\/groupe-vocal-crescendo.fr\/wp-content\/gallery\/fandesannees80\/14062014-_dsc7714-e1432565846295.jpg\"\n           title=\"\"\n           data-src=\"https:\/\/groupe-vocal-crescendo.fr\/wp-content\/gallery\/fandesannees80\/14062014-_dsc7714-e1432565846295.jpg\"\n           data-thumbnail=\"https:\/\/groupe-vocal-crescendo.fr\/wp-content\/gallery\/fandesannees80\/thumbs\/thumbs_14062014-_dsc7714-e1432565846295.jpg\"\n           data-image-id=\"82\"\n           data-title=\"14062014-_dsc7714-e1432565846295\"\n           data-description=\"\"\n           class=\"ngg-fancybox\" rel=\"8ffd2f55a5ef90d5836d351b06dd064a\">\n\n            <img data-image-id='82'\n                 title=\"\"\n                 alt=\"14062014-_dsc7714-e1432565846295\"\n                 src=\"https:\/\/groupe-vocal-crescendo.fr\/wp-content\/gallery\/fandesannees80\/14062014-_dsc7714-e1432565846295.jpg\"\n                 style=\"max-height: 380px;\"\/>\n        <\/a>\n\n        <\/div> \n<div id=\"ngg-image-2\" class=\"ngg-gallery-slideshow-image\" style=\"height:400px\">\n\n        <a href=\"https:\/\/groupe-vocal-crescendo.fr\/wp-content\/gallery\/fandesannees80\/14062014-_dsc7662-e1432568671196.jpg\"\n           title=\"\"\n           data-src=\"https:\/\/groupe-vocal-crescendo.fr\/wp-content\/gallery\/fandesannees80\/14062014-_dsc7662-e1432568671196.jpg\"\n           data-thumbnail=\"https:\/\/groupe-vocal-crescendo.fr\/wp-content\/gallery\/fandesannees80\/thumbs\/thumbs_14062014-_dsc7662-e1432568671196.jpg\"\n           data-image-id=\"83\"\n           data-title=\"14062014-_dsc7662-e1432568671196\"\n           data-description=\"\"\n           class=\"ngg-fancybox\" rel=\"8ffd2f55a5ef90d5836d351b06dd064a\">\n\n            <img data-image-id='83'\n                 title=\"\"\n                 alt=\"14062014-_dsc7662-e1432568671196\"\n                 src=\"https:\/\/groupe-vocal-crescendo.fr\/wp-content\/gallery\/fandesannees80\/14062014-_dsc7662-e1432568671196.jpg\"\n                 style=\"max-height: 380px;\"\/>\n        <\/a>\n\n        <\/div> \n<div id=\"ngg-image-3\" class=\"ngg-gallery-slideshow-image\" style=\"height:400px\">\n\n        <a href=\"https:\/\/groupe-vocal-crescendo.fr\/wp-content\/gallery\/fandesannees80\/14062014-_dsc7673-e1432570402203.jpg\"\n           title=\"\"\n           data-src=\"https:\/\/groupe-vocal-crescendo.fr\/wp-content\/gallery\/fandesannees80\/14062014-_dsc7673-e1432570402203.jpg\"\n           data-thumbnail=\"https:\/\/groupe-vocal-crescendo.fr\/wp-content\/gallery\/fandesannees80\/thumbs\/thumbs_14062014-_dsc7673-e1432570402203.jpg\"\n           data-image-id=\"84\"\n           data-title=\"14062014-_dsc7673-e1432570402203\"\n           data-description=\"\"\n           class=\"ngg-fancybox\" rel=\"8ffd2f55a5ef90d5836d351b06dd064a\">\n\n            <img data-image-id='84'\n                 title=\"\"\n                 alt=\"14062014-_dsc7673-e1432570402203\"\n                 src=\"https:\/\/groupe-vocal-crescendo.fr\/wp-content\/gallery\/fandesannees80\/14062014-_dsc7673-e1432570402203.jpg\"\n                 style=\"max-height: 380px;\"\/>\n        <\/a>\n\n        <\/div> \n<div id=\"ngg-image-4\" class=\"ngg-gallery-slideshow-image\" style=\"height:400px\">\n\n        <a href=\"https:\/\/groupe-vocal-crescendo.fr\/wp-content\/gallery\/fandesannees80\/14062014-_dsc7670-e1432570293493.jpg\"\n           title=\"\"\n           data-src=\"https:\/\/groupe-vocal-crescendo.fr\/wp-content\/gallery\/fandesannees80\/14062014-_dsc7670-e1432570293493.jpg\"\n           data-thumbnail=\"https:\/\/groupe-vocal-crescendo.fr\/wp-content\/gallery\/fandesannees80\/thumbs\/thumbs_14062014-_dsc7670-e1432570293493.jpg\"\n           data-image-id=\"85\"\n           data-title=\"14062014-_dsc7670-e1432570293493\"\n           data-description=\"\"\n           class=\"ngg-fancybox\" rel=\"8ffd2f55a5ef90d5836d351b06dd064a\">\n\n            <img data-image-id='85'\n                 title=\"\"\n                 alt=\"14062014-_dsc7670-e1432570293493\"\n                 src=\"https:\/\/groupe-vocal-crescendo.fr\/wp-content\/gallery\/fandesannees80\/14062014-_dsc7670-e1432570293493.jpg\"\n                 style=\"max-height: 380px;\"\/>\n        <\/a>\n\n        <\/div> \n<div id=\"ngg-image-5\" class=\"ngg-gallery-slideshow-image\" style=\"height:400px\">\n\n        <a href=\"https:\/\/groupe-vocal-crescendo.fr\/wp-content\/gallery\/fandesannees80\/14062014-_dsc7696-e1432570346599.jpg\"\n           title=\"\"\n           data-src=\"https:\/\/groupe-vocal-crescendo.fr\/wp-content\/gallery\/fandesannees80\/14062014-_dsc7696-e1432570346599.jpg\"\n           data-thumbnail=\"https:\/\/groupe-vocal-crescendo.fr\/wp-content\/gallery\/fandesannees80\/thumbs\/thumbs_14062014-_dsc7696-e1432570346599.jpg\"\n           data-image-id=\"86\"\n           data-title=\"14062014-_dsc7696-e1432570346599\"\n           data-description=\"\"\n           class=\"ngg-fancybox\" rel=\"8ffd2f55a5ef90d5836d351b06dd064a\">\n\n            <img data-image-id='86'\n                 title=\"\"\n                 alt=\"14062014-_dsc7696-e1432570346599\"\n                 src=\"https:\/\/groupe-vocal-crescendo.fr\/wp-content\/gallery\/fandesannees80\/14062014-_dsc7696-e1432570346599.jpg\"\n                 style=\"max-height: 380px;\"\/>\n        <\/a>\n\n        <\/div> \n<\/div>\n\n\n\t\t<!-- Thumbnails Link -->\n\t<div class=\"slideshowlink\" style=\"max-width: 600px;\">\n        <a href='https:\/\/groupe-vocal-crescendo.fr\/index.php\/nggallery\/thumbnails?rest_route=%2Fwp%2Fv2%2Fpages%2F378'>&#091;Montrer sous forme de vignettes&#093;<\/a>\n\t<\/div>\n\n\n<p>Et d&#8217;autres dans la section &#8220;Spectacles&#8221;<\/p>\n<p style=\"text-align: center;\">________________________________________________________________<\/p>\n<p><strong>Le groupe vocal Crescendo<\/strong> est avant tout un groupe de copains qui partagent le plaisir de chanter ensemble, l&#8217;amiti\u00e9 et la bonne humeur.<\/p>\n<p>Ils initient leurs passions autour de la cr\u00e9ation de spectacles originaux qui m\u00ealent chants, et mise en sc\u00e8ne soign\u00e9e.<\/p>\n<p>Vibrez au gr\u00e9 de leur fantaisie !<\/p>\n<hr>\n<p>Contact :<\/p>\n<p>eMail : contact@groupe-vocal-crescendo.fr<\/p>\n<p>Pr\u00e9sidente, Isabelle HUILLET<br>T\u00e9l. : 07.71.03.76.17<\/p>\n<p>Chef de ch\u0153ur, Alain DALSTEIN<br>T\u00e9l. : 06.61.55.95.29<\/p>\n\n\n<hr class=\"wp-block-separator has-css-opacity\"\/>\n","protected":false},"excerpt":{"rendered":"<p>&nbsp; Crescendo recrute! Crescendo recrute des hommes, des femmes et encore des hommes! Alors amis amateurs de chant choral (ou sous la douche), n&#8217;h\u00e9sitez plus et rejoignez nous \ud83d\ude09 __________________________________________________________ &#8230;Vous n&#8217;avez pas pu assister au dernier spectacle haut en couleurs&nbsp;&#8230; le nouveau arrive cette ann\u00e9e&#8230; En attendant, tous les choristes y travaillent avec notre &hellip;<\/p>\n<p class=\"read-more\"> <a class=\"\" href=\"https:\/\/groupe-vocal-crescendo.fr\/\"> <span class=\"screen-reader-text\">Accueil<\/span> Lire la suite\u00a0\u00bb<\/a><\/p>\n","protected":false},"author":1,"featured_media":0,"parent":0,"menu_order":1,"comment_status":"closed","ping_status":"closed","template":"","meta":{"ngg_post_thumbnail":0,"footnotes":""},"_links":{"self":[{"href":"https:\/\/groupe-vocal-crescendo.fr\/index.php?rest_route=\/wp\/v2\/pages\/378"}],"collection":[{"href":"https:\/\/groupe-vocal-crescendo.fr\/index.php?rest_route=\/wp\/v2\/pages"}],"about":[{"href":"https:\/\/groupe-vocal-crescendo.fr\/index.php?rest_route=\/wp\/v2\/types\/page"}],"author":[{"embeddable":true,"href":"https:\/\/groupe-vocal-crescendo.fr\/index.php?rest_route=\/wp\/v2\/users\/1"}],"replies":[{"embeddable":true,"href":"https:\/\/groupe-vocal-crescendo.fr\/index.php?rest_route=%2Fwp%2Fv2%2Fcomments&post=378"}],"version-history":[{"count":22,"href":"https:\/\/groupe-vocal-crescendo.fr\/index.php?rest_route=\/wp\/v2\/pages\/378\/revisions"}],"predecessor-version":[{"id":938,"href":"https:\/\/groupe-vocal-crescendo.fr\/index.php?rest_route=\/wp\/v2\/pages\/378\/revisions\/938"}],"wp:attachment":[{"href":"https:\/\/groupe-vocal-crescendo.fr\/index.php?rest_route=%2Fwp%2Fv2%2Fmedia&parent=378"}],"curies":[{"name":"wp","href":"https:\/\/api.w.org\/{rel}","templated":true}]}}