{"id":26,"date":"2015-05-25T15:53:38","date_gmt":"2015-05-25T14:53:38","guid":{"rendered":"https:\/\/groupevocalcrescendo.wordpress.com\/?page_id=26"},"modified":"2015-05-25T15:53:38","modified_gmt":"2015-05-25T14:53:38","slug":"location","status":"publish","type":"page","link":"https:\/\/groupe-vocal-crescendo.fr\/?page_id=26","title":{"rendered":"Location de mat\u00e9riel"},"content":{"rendered":"<p>En tant que professionnel de sc\u00e8ne, le groupe vocal crescendo propose \u00e9galement son mat\u00e9riel de sc\u00e8ne \u00e0 la location.<\/p>\n<p><strong>Rideaux de sc\u00e8nes noirs ignifug\u00e9s qualit\u00e9 M1 (anti-feu)<\/strong><\/p>\n<p><a href=\"https:\/\/groupevocalcrescendo.files.wordpress.com\/2015\/05\/dsc_0436.jpg\"><img loading=\"lazy\" decoding=\"async\" class=\"size-large wp-image-148 aligncenter\" src=\"https:\/\/groupevocalcrescendo.files.wordpress.com\/2015\/05\/dsc_0436.jpg?w=660\" alt=\"DSC_0436\" width=\"660\" height=\"440\" \/><\/a><\/p>\n<p>La structure, d&#8217;une hauteur de 3,50m est adaptable \u00e0 toutes les sc\u00e8nes planes ou sur\u00e9lev\u00e9es d&#8217;une largeur maximum de 12m x 7m et comporte des coulisses sur les c\u00f4t\u00e9s.<br \/>\nLes rideaux peuvent \u00e9galement servir \u00e0 s\u00e9parer une salle sur une longueur de 38m et une hauteur de 3,50m.<br \/>\nTarif \u00e0 la location : 300 \u20ac (montage et d\u00e9montage compris)<\/p>\n","protected":false},"excerpt":{"rendered":"<p>En tant que professionnel de sc\u00e8ne, le groupe vocal crescendo propose \u00e9galement son mat\u00e9riel de sc\u00e8ne \u00e0 la location. Rideaux de sc\u00e8nes noirs ignifug\u00e9s qualit\u00e9 M1 (anti-feu) La structure, d&#8217;une hauteur de 3,50m est adaptable \u00e0 toutes les sc\u00e8nes planes ou sur\u00e9lev\u00e9es d&#8217;une largeur maximum de 12m x 7m et comporte des coulisses sur les &hellip;<\/p>\n<p class=\"read-more\"> <a class=\"\" href=\"https:\/\/groupe-vocal-crescendo.fr\/?page_id=26\"> <span class=\"screen-reader-text\">Location de mat\u00e9riel<\/span> Lire la suite\u00a0\u00bb<\/a><\/p>\n","protected":false},"author":1,"featured_media":0,"parent":379,"menu_order":0,"comment_status":"closed","ping_status":"closed","template":"","meta":{"ngg_post_thumbnail":0,"footnotes":""},"_links":{"self":[{"href":"https:\/\/groupe-vocal-crescendo.fr\/index.php?rest_route=\/wp\/v2\/pages\/26"}],"collection":[{"href":"https:\/\/groupe-vocal-crescendo.fr\/index.php?rest_route=\/wp\/v2\/pages"}],"about":[{"href":"https:\/\/groupe-vocal-crescendo.fr\/index.php?rest_route=\/wp\/v2\/types\/page"}],"author":[{"embeddable":true,"href":"https:\/\/groupe-vocal-crescendo.fr\/index.php?rest_route=\/wp\/v2\/users\/1"}],"replies":[{"embeddable":true,"href":"https:\/\/groupe-vocal-crescendo.fr\/index.php?rest_route=%2Fwp%2Fv2%2Fcomments&post=26"}],"version-history":[{"count":0,"href":"https:\/\/groupe-vocal-crescendo.fr\/index.php?rest_route=\/wp\/v2\/pages\/26\/revisions"}],"up":[{"embeddable":true,"href":"https:\/\/groupe-vocal-crescendo.fr\/index.php?rest_route=\/wp\/v2\/pages\/379"}],"wp:attachment":[{"href":"https:\/\/groupe-vocal-crescendo.fr\/index.php?rest_route=%2Fwp%2Fv2%2Fmedia&parent=26"}],"curies":[{"name":"wp","href":"https:\/\/api.w.org\/{rel}","templated":true}]}}